{"id":2713,"date":"2018-03-26T22:53:12","date_gmt":"2018-10-08T21:01:27","guid":{"rendered":"https:\/\/www.winesandchateaux.com\/sejour-oenologique\/girondine-getaway\/"},"modified":"2025-09-27T02:05:09","modified_gmt":"2025-09-27T00:05:09","slug":"getaway-bordeaux-region","status":"publish","type":"product","link":"https:\/\/www.winesandchateaux.com\/en\/our-oenological-stays\/getaway-bordeaux-region\/","title":{"rendered":"Getaway in the Bordeaux region"},"content":{"rendered":"<p>[vc_row][vc_column][vc_column_text]<\/p>\n<p><strong>Getaway in the Bordeaux region<br \/>\n4 days \/ 3 nights<\/strong><\/p>\n<p>Bordeaux is well known for its magnificent city and the prestigious vineyards all around from the M\u00e9doc to Saint Emilion, the Graves area and down to Sauternes.<\/p>\n<ul>\n<li>Visiting and tasting in several ch\u00e2teaux Grand Cru class\u00e9, in the M\u00e9doc, in Saint Emilion and in the Graves\u00a0area.<\/li>\n<li>Visiting Bordeaux\u00a0and the &#8220;Cit\u00e9 du Vin&#8221; as a journey around a world of wine and culture.<\/li>\n<li>Visiting the medieval village of Saint Emilion and tasting the traditional macaroon.<\/li>\n<li>Oyster tasting in a typical Fisherman\u2019s hut around the Bassin d\u2019Arcachon.<\/li>\n<li>Visiting a medieval private ch\u00e2teau.<\/li>\n<\/ul>\n<p>[\/vc_column_text][\/vc_column][\/vc_row]<\/p>\n","protected":false},"excerpt":{"rendered":"<p>Bordeaux is well known for its magnificent city. Visiting and tasting in several ch\u00e2teaux Grand Cru class\u00e9, in the M\u00e9doc, Saint Emilion and in the Graves area.<\/p>\n","protected":false},"featured_media":4009,"comment_status":"open","ping_status":"closed","template":"","meta":[],"product_brand":[],"product_cat":[181],"product_tag":[],"class_list":{"0":"post-2713","1":"product","2":"type-product","3":"status-publish","4":"has-post-thumbnail","6":"product_cat-uncategorized-en","7":"tour_category-bordeaux-en","8":"tour_category-france-en","9":"tour_category-wines-and-castles","11":"first","12":"instock","13":"shipping-taxable","14":"purchasable","15":"product-type-tour"},"_links":{"self":[{"href":"https:\/\/www.winesandchateaux.com\/en\/wp-json\/wp\/v2\/product\/2713","targetHints":{"allow":["GET"]}}],"collection":[{"href":"https:\/\/www.winesandchateaux.com\/en\/wp-json\/wp\/v2\/product"}],"about":[{"href":"https:\/\/www.winesandchateaux.com\/en\/wp-json\/wp\/v2\/types\/product"}],"replies":[{"embeddable":true,"href":"https:\/\/www.winesandchateaux.com\/en\/wp-json\/wp\/v2\/comments?post=2713"}],"wp:featuredmedia":[{"embeddable":true,"href":"https:\/\/www.winesandchateaux.com\/en\/wp-json\/wp\/v2\/media\/4009"}],"wp:attachment":[{"href":"https:\/\/www.winesandchateaux.com\/en\/wp-json\/wp\/v2\/media?parent=2713"}],"wp:term":[{"taxonomy":"product_brand","embeddable":true,"href":"https:\/\/www.winesandchateaux.com\/en\/wp-json\/wp\/v2\/product_brand?post=2713"},{"taxonomy":"product_cat","embeddable":true,"href":"https:\/\/www.winesandchateaux.com\/en\/wp-json\/wp\/v2\/product_cat?post=2713"},{"taxonomy":"product_tag","embeddable":true,"href":"https:\/\/www.winesandchateaux.com\/en\/wp-json\/wp\/v2\/product_tag?post=2713"}],"curies":[{"name":"wp","href":"https:\/\/api.w.org\/{rel}","templated":true}]}}